{"id":569,"date":"2016-09-29T21:04:54","date_gmt":"2016-09-29T20:04:54","guid":{"rendered":"https:\/\/www.dr-rheims-cosmetics.com\/product\/eclipsage-2\/"},"modified":"2020-11-23T18:57:14","modified_gmt":"2020-11-23T17:57:14","slug":"eclipsage","status":"publish","type":"product","link":"https:\/\/www.dr-rheims-cosmetics.com\/de\/produkt\/eclipsage\/","title":{"rendered":"Eclipsage Anti-aging cream"},"content":{"rendered":"","protected":false},"excerpt":{"rendered":"<p>Neues Anti-Falten-Produkt, hergestellt in der Schweiz von Dr. Dominique Rheims, Spezialist f\u00fcr plastische Chirurgie.<\/p>\n<p>Hochwirksames Anti-Falten-Fluid aus reinen Pflanzen-Extrakten, das gegen freie Radikale sch\u00fctzt, die Haut regeneriert und die Plastizit\u00e4t verbessert. ECLIPSAGE hilft, die Zeichen der Haut-Alterung sichtbar zu mildern und ist f\u00fcr alle Hauttypen h\u00f6chst vertr\u00e4glich.<\/p>\n<p>ECLIPSAGE besteht aus einer einzigartigen Rezeptur, wirkungsvoll als Tages- und Nachtpflege, hervorragend geeignet sowohl f\u00fcr die Augenpartien, das Gesicht, den Hals und ebenso das Dekollete.<\/p>\n<p>Ohne Silikone, Parabene, PEG, EDTA oder Parf\u00fcm.<\/p>\n<p>50 ml Airless<\/p>\n","protected":false},"featured_media":1445,"comment_status":"closed","ping_status":"closed","template":"","meta":[],"product_cat":[38],"product_tag":[],"_links":{"self":[{"href":"https:\/\/www.dr-rheims-cosmetics.com\/de\/wp-json\/wp\/v2\/product\/569"}],"collection":[{"href":"https:\/\/www.dr-rheims-cosmetics.com\/de\/wp-json\/wp\/v2\/product"}],"about":[{"href":"https:\/\/www.dr-rheims-cosmetics.com\/de\/wp-json\/wp\/v2\/types\/product"}],"replies":[{"embeddable":true,"href":"https:\/\/www.dr-rheims-cosmetics.com\/de\/wp-json\/wp\/v2\/comments?post=569"}],"wp:featuredmedia":[{"embeddable":true,"href":"https:\/\/www.dr-rheims-cosmetics.com\/de\/wp-json\/wp\/v2\/media\/1445"}],"wp:attachment":[{"href":"https:\/\/www.dr-rheims-cosmetics.com\/de\/wp-json\/wp\/v2\/media?parent=569"}],"wp:term":[{"taxonomy":"product_cat","embeddable":true,"href":"https:\/\/www.dr-rheims-cosmetics.com\/de\/wp-json\/wp\/v2\/product_cat?post=569"},{"taxonomy":"product_tag","embeddable":true,"href":"https:\/\/www.dr-rheims-cosmetics.com\/de\/wp-json\/wp\/v2\/product_tag?post=569"}],"curies":[{"name":"wp","href":"https:\/\/api.w.org\/{rel}","templated":true}]}}