{"id":374,"date":"2016-08-16T09:21:16","date_gmt":"2016-08-16T08:21:16","guid":{"rendered":"http:\/\/www.dr-rheims-cosmetics.com\/de\/?page_id=374"},"modified":"2016-08-19T16:42:01","modified_gmt":"2016-08-19T15:42:01","slug":"fuer-ihre-schoenheit","status":"publish","type":"page","link":"https:\/\/www.dr-rheims-cosmetics.com\/de\/fuer-ihre-schoenheit\/","title":{"rendered":"F\u00fcr Ihre Sch\u00f6nheit"},"content":{"rendered":"[vc_row][vc_column][vc_single_image image=&#8220;252&#8243; img_size=&#8220;full&#8220; alignment=&#8220;center&#8220; el_class=&#8220;full-width&#8220;][\/vc_column][\/vc_row][vc_row el_class=&#8220;uk-container uk-container-center margin-top-100 margin-bottom-100&#8243;][vc_column][vc_row_inner el_class=&#8220;margin-top-100 margin-bottom-100&#8243;][vc_column_inner width=&#8220;1\/2&#8243;][vc_column_text]\r\n<h3 style=\"text-align: center;\">Eclipsage ist alles, was Sie brauchen<\/h3>\r\n[\/vc_column_text][\/vc_column_inner][vc_column_inner width=&#8220;1\/2&#8243;][vc_column_text]<strong>Die ideale Tagescreme:<\/strong> Die mattierende und wohltuende Textur ist die perfekte Pflege-Grundlage f\u00fcr einen strahlenden Teint und ein lang anhaltendes Make-up.\r\n\r\n<strong>Die Nachtcreme Ihrer Tr\u00e4ume:<\/strong> Reichhaltig und cremig, verw\u00f6hnt und repariert ECLIPSAGE Ihre Haut wirkungsvoll \u00fcber Nacht.\r\n\r\nECLIPSAGE ist f\u00fcr das Dekollete, den Hals, das Gesicht und ebenso f\u00fcr die empfindlichen Partien um die Augen hervorragend geeignet.\r\n\r\n<strong>F\u00fcr eine optimale Wirkung<\/strong> ist es empfehlenswert, ausschliesslich ECLIPSAGE zu verwenden: morgens und abends nach gr\u00fcndlicher Reinigung sanft einmassieren.[\/vc_column_text][\/vc_column_inner][\/vc_row_inner][vc_row_inner][vc_column_inner width=&#8220;1\/2&#8243;][\/vc_column_inner][vc_column_inner width=&#8220;1\/2&#8243;][\/vc_column_inner][\/vc_row_inner][\/vc_column][\/vc_row]","protected":false},"excerpt":{"rendered":"<p>[vc_row][vc_column][vc_single_image image=&#8220;252&#8243; img_size=&#8220;full&#8220; alignment=&#8220;center&#8220; el_class=&#8220;full-width&#8220;][\/vc_column][\/vc_row][vc_row el_class=&#8220;uk-container uk-container-center margin-top-100 margin-bottom-100&#8243;][vc_column][vc_row_inner el_class=&#8220;margin-top-100 margin-bottom-100&#8243;][vc_column_inner width=&#8220;1\/2&#8243;][vc_column_text] Eclipsage ist alles, was Sie brauchen [\/vc_column_text][\/vc_column_inner][vc_column_inner width=&#8220;1\/2&#8243;][vc_column_text]Die ideale Tagescreme: Die mattierende und wohltuende Textur ist die perfekte Pflege-Grundlage f\u00fcr einen strahlenden Teint und ein lang anhaltendes Make-up. Die Nachtcreme Ihrer Tr\u00e4ume: Reichhaltig und cremig, verw\u00f6hnt und repariert ECLIPSAGE Ihre Haut wirkungsvoll \u00fcber [&hellip;]<\/p>\n","protected":false},"author":1,"featured_media":0,"parent":0,"menu_order":0,"comment_status":"closed","ping_status":"closed","template":"","meta":[],"_links":{"self":[{"href":"https:\/\/www.dr-rheims-cosmetics.com\/de\/wp-json\/wp\/v2\/pages\/374"}],"collection":[{"href":"https:\/\/www.dr-rheims-cosmetics.com\/de\/wp-json\/wp\/v2\/pages"}],"about":[{"href":"https:\/\/www.dr-rheims-cosmetics.com\/de\/wp-json\/wp\/v2\/types\/page"}],"author":[{"embeddable":true,"href":"https:\/\/www.dr-rheims-cosmetics.com\/de\/wp-json\/wp\/v2\/users\/1"}],"replies":[{"embeddable":true,"href":"https:\/\/www.dr-rheims-cosmetics.com\/de\/wp-json\/wp\/v2\/comments?post=374"}],"version-history":[{"count":7,"href":"https:\/\/www.dr-rheims-cosmetics.com\/de\/wp-json\/wp\/v2\/pages\/374\/revisions"}],"predecessor-version":[{"id":457,"href":"https:\/\/www.dr-rheims-cosmetics.com\/de\/wp-json\/wp\/v2\/pages\/374\/revisions\/457"}],"wp:attachment":[{"href":"https:\/\/www.dr-rheims-cosmetics.com\/de\/wp-json\/wp\/v2\/media?parent=374"}],"curies":[{"name":"wp","href":"https:\/\/api.w.org\/{rel}","templated":true}]}}